{"id":1270,"date":"2024-11-12T15:07:01","date_gmt":"2024-11-12T14:07:01","guid":{"rendered":"http:\/\/hotelbenacus.com\/info-e-servizi\/"},"modified":"2025-10-16T10:42:20","modified_gmt":"2025-10-16T08:42:20","slug":"informationen-und-dienstleistungen","status":"publish","type":"page","link":"https:\/\/hotelbenacus.com\/de\/informationen-und-dienstleistungen\/","title":{"rendered":"Informationen und Dienstleistungen"},"content":{"rendered":"<section class=\"l-section wpb_row height_medium full_height valign_center with_img\"><div class=\"l-section-img\" role=\"img\" aria-label=\"Bild\" data-img-width=\"2560\" data-img-height=\"1429\" style=\"background-image: url(https:\/\/hotelbenacus.com\/wp-content\/uploads\/2025\/12\/esternooo-scaled.jpg);\"><\/div><div class=\"l-section-h i-cf\"><div class=\"g-cols vc_row via_grid cols_1 laptops-cols_inherit tablets-cols_inherit mobiles-cols_1 valign_middle type_default stacking_default\"><div class=\"wpb_column vc_column_container\"><div class=\"vc_column-inner\"><\/div><\/div><\/div><\/div><\/section><section class=\"l-section wpb_row height_medium color_alternate\"><div class=\"l-section-h i-cf\"><div class=\"g-cols vc_row via_grid cols_1 laptops-cols_inherit tablets-cols_inherit mobiles-cols_1 valign_top type_default stacking_default\"><div class=\"wpb_column vc_column_container\"><div class=\"vc_column-inner\"><div class=\"w-separator hide_on_default hide_on_laptops size_medium\"><\/div><div class=\"g-cols wpb_row via_grid cols_1 laptops-cols_inherit tablets-cols_inherit mobiles-cols_1 valign_top type_default stacking_default\" style=\"--columns-gap:3rem;\"><div class=\"wpb_column vc_column_container\"><div class=\"vc_column-inner\"><h1 class=\"w-text us_custom_c3d0d718 has_text_color\"><span class=\"w-text-h\"><span class=\"w-text-value\">Informationen und Dienstleistungen<\/span><\/span><\/h1><div class=\"w-separator size_medium\"><\/div><\/div><\/div><\/div><div class=\"g-cols wpb_row via_grid cols_1 laptops-cols_inherit tablets-cols_inherit mobiles-cols_1 valign_top type_default stacking_default\" style=\"--columns-gap:3rem;\"><div class=\"wpb_column vc_column_container\"><div class=\"vc_column-inner\"><h3 class=\"w-text us_custom_e26a25de has_text_color\"><span class=\"w-text-h\"><span class=\"w-text-value\">Inklusivleistungen im Hotel<\/span><\/span><\/h3><div class=\"w-separator size_small\"><\/div><\/div><\/div><\/div><div class=\"g-cols wpb_row us_custom_e44f6b87 via_grid cols_2 laptops-cols_inherit tablets-cols_inherit mobiles-cols_1 valign_top type_default stacking_default\" style=\"--columns-gap:3rem;--laptops-columns-gap:3rem;--tablets-columns-gap:3rem;--mobiles-columns-gap:1rem;\"><div class=\"wpb_column vc_column_container\"><div class=\"vc_column-inner\"><div class=\"wpb_text_column\"><div class=\"wpb_wrapper\"><ul>\n<li><strong>Kostenloses Wi-Fi<\/strong> im gesamten Hotel.<\/li>\n<li><strong>Klimaanlage und Heizung<\/strong>: effizient gesteuert, im Einklang mit lokalen Vorschriften und mit geringerer Umweltbelastung.<\/li>\n<li><strong>Fr\u00fchst\u00fccksbuffet<\/strong>: serviert von 07:00 bis 10:00 Uhr.<\/li>\n<li>\n<p class=\"p1\"><strong>Panorama-Restaurant<\/strong>: Abendessen verf\u00fcgbar von 19:00 bis 20:30 Uhr (letzter Einlass um 20:30 Uhr).<\/p>\n<\/li>\n<li><strong>Beheizter Panorama-Pool und Jacuzzi<\/strong>: Ge\u00f6ffnet von 07:30 bis 19:30 Uhr.<\/li>\n<li><strong>Lounge-Bereich<\/strong>: Gemeinschaftsbereich mit Gro\u00dfbildschirm, Leseecke und Brettspielen \u2013 ideal zum Entspannen und f\u00fcr gesellige Momente.<\/li>\n<\/ul>\n<\/div><\/div><\/div><\/div><div class=\"wpb_column vc_column_container\"><div class=\"vc_column-inner\"><div class=\"wpb_text_column\"><div class=\"wpb_wrapper\"><ul>\n<li><strong>Bar<\/strong> f\u00fcr Snacks und Getr\u00e4nke, ge\u00f6ffnet von 07:00 bis 23:00 Uhr.<\/li>\n<li><strong>Minibus-Service<\/strong>: Feste Strecke mit zwei t\u00e4glichen Abfahrten.<br \/>\nAbfahrten um 10:30 und 18:30 Uhr vom Hafen San Nicol\u00f2.<\/li>\n<li><strong>Fahrradgarage<\/strong>: Geschlossener, gesicherter und video\u00fcberwachter Bereich, ausgestattet mit Wasch- und Reparaturwerkzeugen sowie Steckdosen zum Aufladen von E-Bikes.<\/li>\n<li><strong>Smart-TV<\/strong> in allen Zimmern.<\/li>\n<li><strong>Kostenloser Innen- und Au\u00dfenparkplatz.<\/strong><\/li>\n<\/ul>\n<\/div><\/div><\/div><\/div><\/div><\/div><\/div><\/div><\/div><\/section><section class=\"l-section wpb_row height_medium color_alternate\"><div class=\"l-section-h i-cf\"><div class=\"g-cols vc_row via_grid cols_1 laptops-cols_inherit tablets-cols_inherit mobiles-cols_1 valign_top type_default stacking_default\"><div class=\"wpb_column vc_column_container\"><div class=\"vc_column-inner\"><div class=\"g-cols wpb_row us_custom_e44f6b87 via_grid cols_2 laptops-cols_inherit tablets-cols_inherit mobiles-cols_1 valign_top type_default stacking_default\" style=\"--columns-gap:3rem;\"><div class=\"wpb_column vc_column_container\"><div class=\"vc_column-inner\"><h3 class=\"w-text us_custom_d1888ec3 has_text_color\"><span class=\"w-text-h\"><span class=\"w-text-value\">Empfang &amp; Registrierung<\/span><\/span><\/h3><div class=\"w-separator size_small\"><\/div><div class=\"wpb_text_column\"><div class=\"wpb_wrapper\"><ul>\n<li><strong>Einchecken von 14:30 bis 21:30 Uhr<\/strong><br \/>\nWenn Sie fr\u00fcher ankommen, k\u00f6nnen Sie gerne alle Hoteleinrichtungen nutzen: Toiletten, Bar, Park mit beheiztem Pool und Whirlpool sowie WLAN.<br \/>\nAus organisatorischen Gr\u00fcnden k\u00f6nnen wir den Zugang zum Zimmer vor 14:30 Uhr nicht garantieren.<\/li>\n<li><strong><strong>Auschecken von 07:30 bis 11:00<\/strong><\/strong><br \/>\nWenn Sie Ihr Zimmer etwas l\u00e4nger behalten m\u00f6chten, k\u00f6nnen Sie bis 12:00 Uhr an der Rezeption Bescheid geben.<br \/>\nNach 12:00 Uhr ist ein Late Check-out auf Anfrage m\u00f6glich, je nach Verf\u00fcgbarkeit und gegen Aufpreis.<\/li>\n<\/ul>\n<p>Rezeption ge\u00f6ffnet von 07:30 bis 22:00<strong><br \/>\n<\/strong><\/p>\n<\/div><\/div><\/div><\/div><div class=\"wpb_column vc_column_container\"><div class=\"vc_column-inner\"><h3 class=\"w-text us_custom_d1888ec3 has_text_color\"><span class=\"w-text-h\"><span class=\"w-text-value\">Haustierregelung<\/span><\/span><\/h3><div class=\"w-separator size_small\"><\/div><div class=\"wpb_text_column\"><div class=\"wpb_wrapper\"><ul>\n<li>Haustiere nicht erlaubt<strong><br \/>\n<\/strong><\/li>\n<\/ul>\n<\/div><\/div><\/div><\/div><\/div><div class=\"w-separator size_small\"><\/div><\/div><\/div><\/div><\/div><\/section><section class=\"l-section wpb_row height_medium\"><div class=\"l-section-h i-cf\"><div class=\"g-cols vc_row via_grid cols_1 laptops-cols_inherit tablets-cols_inherit mobiles-cols_1 valign_top type_default stacking_default\"><div class=\"wpb_column vc_column_container\"><div class=\"vc_column-inner\"><div class=\"w-separator hide_on_default hide_on_laptops size_medium\"><\/div><div class=\"wpb_text_column us_custom_eb849559\"><div class=\"wpb_wrapper\"><h2><strong>FAQ<\/strong><br \/>\nH\u00e4ufig gestellte Fragen<\/h2>\n<\/div><\/div><div class=\"w-separator size_medium\"><\/div><div class=\"g-cols wpb_row via_grid cols_2 laptops-cols_inherit tablets-cols_inherit mobiles-cols_1 valign_top type_default stacking_default\" style=\"--columns-gap:3rem;--laptops-columns-gap:3rem;--tablets-columns-gap:0rem;--mobiles-columns-gap:1rem;\"><div class=\"wpb_column vc_column_container\"><div class=\"vc_column-inner\"><div class=\"w-tabs us_custom_8b5a6359 style_default switch_click accordion has_scrolling\" style=\"--sections-title-size:inherit\"><div class=\"w-tabs-sections titles-align_none icon_chevron cpos_right\"><div class=\"w-tabs-section has_text_color\" id=\"ic29\" style=\"color:var(--color-content-link-hover);\"><button class=\"w-tabs-section-header\" aria-controls=\"content-ic29\" aria-expanded=\"false\"><div class=\"w-tabs-section-title\">K\u00f6nnen Sie Ihr Auto parken?<\/div><div class=\"w-tabs-section-control\"><\/div><\/button><div  class=\"w-tabs-section-content\" id=\"content-ic29\"><div class=\"w-tabs-section-content-h i-cf\"><div class=\"wpb_text_column us_custom_df5f4c97 has_text_color\"><div class=\"wpb_wrapper\"><p>Kostenlose Privatparkpl\u00e4tze sind vor Ort m\u00f6glich und k\u00f6nnen nicht reserviert werden.<\/p>\n<\/div><\/div><\/div><\/div><\/div><div class=\"w-tabs-section has_text_color\" id=\"jddf\" style=\"color:var(--color-content-secondary);\"><button class=\"w-tabs-section-header\" aria-controls=\"content-jddf\" aria-expanded=\"false\"><div class=\"w-tabs-section-title\">Gibt es einen Shuttle-Service zum Flughafen?<\/div><div class=\"w-tabs-section-control\"><\/div><\/button><div  class=\"w-tabs-section-content\" id=\"content-jddf\"><div class=\"w-tabs-section-content-h i-cf\"><div class=\"wpb_text_column us_custom_df5f4c97 has_text_color\"><div class=\"wpb_wrapper\"><p>Das Hotel Benacus Panoramic bietet keinen Flughafentransfer an.<\/p>\n<\/div><\/div><\/div><\/div><\/div><div class=\"w-tabs-section has_text_color\" id=\"gf5b\" style=\"color:var(--color-content-secondary);\"><button class=\"w-tabs-section-header\" aria-controls=\"content-gf5b\" aria-expanded=\"false\"><div class=\"w-tabs-section-title\">Wird f\u00fcr ein zus\u00e4tzliches Kinderbett eine Geb\u00fchr erhoben?<\/div><div class=\"w-tabs-section-control\"><\/div><\/button><div  class=\"w-tabs-section-content\" id=\"content-gf5b\"><div class=\"w-tabs-section-content-h i-cf\"><div class=\"wpb_text_column us_custom_df5f4c97 has_text_color\"><div class=\"wpb_wrapper\"><p>Auf Anfrage und gegen Geb\u00fchr erh\u00e4ltlich<\/p>\n<\/div><\/div><\/div><\/div><\/div><\/div><\/div><\/div><\/div><div class=\"wpb_column vc_column_container\"><div class=\"vc_column-inner\"><div class=\"w-tabs us_custom_8b5a6359 style_default switch_click accordion has_scrolling\" style=\"--sections-title-size:inherit\"><div class=\"w-tabs-sections titles-align_none icon_chevron cpos_right\"><div class=\"w-tabs-section has_text_color\" id=\"rd77\" style=\"color:var(--color-content-secondary);\"><button class=\"w-tabs-section-header\" aria-controls=\"content-rd77\" aria-expanded=\"false\"><div class=\"w-tabs-section-title\">Check-in und Check-out Zeiten?<\/div><div class=\"w-tabs-section-control\"><\/div><\/button><div  class=\"w-tabs-section-content\" id=\"content-rd77\"><div class=\"w-tabs-section-content-h i-cf\"><div class=\"wpb_text_column us_custom_df5f4c97 has_text_color\"><div class=\"wpb_wrapper\"><p>Einchecken von 14:30 bis 21:30 Uhr<br \/>\nCheck-out von 07:30 bis 11:00 Uhr<\/p>\n<\/div><\/div><\/div><\/div><\/div><div class=\"w-tabs-section has_text_color\" id=\"qf03\" style=\"color:var(--color-header-middle-text-hover);\"><button class=\"w-tabs-section-header\" aria-controls=\"content-qf03\" aria-expanded=\"false\"><div class=\"w-tabs-section-title\">Gibt es Halbpension?<\/div><div class=\"w-tabs-section-control\"><\/div><\/button><div  class=\"w-tabs-section-content\" id=\"content-qf03\"><div class=\"w-tabs-section-content-h i-cf\"><div class=\"wpb_text_column us_custom_df5f4c97 has_text_color\"><div class=\"wpb_wrapper\"><p>Bei einem Mindestaufenthalt von 3 Tagen bieten wir auch Halbpension an. Ansonsten k\u00f6nnen Sie gegen einen Aufpreis im Restaurant essen<\/p>\n<\/div><\/div><\/div><\/div><\/div><div class=\"w-tabs-section has_text_color\" id=\"v0b4\" style=\"color:var(--color-alt-content-link-hover);\"><button class=\"w-tabs-section-header\" aria-controls=\"content-v0b4\" aria-expanded=\"false\"><div class=\"w-tabs-section-title\">Verf\u00fcgt das Panoramic Hotel Benacus \u00fcber einen behindertengerechten Zugang?<\/div><div class=\"w-tabs-section-control\"><\/div><\/button><div  class=\"w-tabs-section-content\" id=\"content-v0b4\"><div class=\"w-tabs-section-content-h i-cf\"><div class=\"wpb_text_column us_custom_df5f4c97 has_text_color\"><div class=\"wpb_wrapper\"><p>Ja, es bietet Zugang f\u00fcr Rollstuhlfahrer und Zimmer mit behindertengerechtem Zugang. F\u00fcr spezielle Anfragen rufen Sie bitte zuerst an, um dies zu best\u00e4tigen.<\/p>\n<\/div><\/div><\/div><\/div><\/div><\/div><\/div><\/div><\/div><\/div><div class=\"w-separator size_medium\"><\/div><\/div><\/div><\/div><\/div><\/section>\n","protected":false},"excerpt":{"rendered":"Informationen und DienstleistungenInklusivleistungen im Hotel Kostenloses Wi-Fi im gesamten Hotel. Klimaanlage und Heizung: effizient gesteuert, im Einklang mit lokalen Vorschriften und mit geringerer Umweltbelastung. Fr\u00fchst\u00fccksbuffet: serviert von 07:00 bis 10:00 Uhr. Panorama-Restaurant: Abendessen verf\u00fcgbar von 19:00 bis 20:30 Uhr (letzter Einlass um 20:30 Uhr). Beheizter Panorama-Pool und Jacuzzi: Ge\u00f6ffnet von 07:30 bis 19:30 Uhr. Lounge-Bereich:...","protected":false},"author":2,"featured_media":5109,"parent":0,"menu_order":0,"comment_status":"closed","ping_status":"closed","template":"","meta":{"_acf_changed":false,"inline_featured_image":false,"footnotes":""},"class_list":["post-1270","page","type-page","status-publish","has-post-thumbnail","hentry"],"acf":[],"yoast_head":"<!-- This site is optimized with the Yoast SEO plugin v27.4 - https:\/\/yoast.com\/product\/yoast-seo-wordpress\/ -->\n<title>Informationen und Dienstleistungen - Hotel Benacus Panoramic<\/title>\n<meta name=\"robots\" content=\"index, follow, max-snippet:-1, max-image-preview:large, max-video-preview:-1\" \/>\n<link rel=\"canonical\" href=\"https:\/\/hotelbenacus.com\/de\/informationen-und-dienstleistungen\/\" \/>\n<meta property=\"og:locale\" content=\"de_DE\" \/>\n<meta property=\"og:type\" content=\"article\" \/>\n<meta property=\"og:title\" content=\"Informationen und Dienstleistungen - Hotel Benacus Panoramic\" \/>\n<meta property=\"og:url\" content=\"https:\/\/hotelbenacus.com\/de\/informationen-und-dienstleistungen\/\" \/>\n<meta property=\"og:site_name\" content=\"Hotel Benacus Panoramic\" \/>\n<meta property=\"article:modified_time\" content=\"2025-10-16T08:42:20+00:00\" \/>\n<meta property=\"og:image\" content=\"https:\/\/hotelbenacus.com\/wp-content\/uploads\/2025\/09\/piscina-2-scaled.jpg\" \/>\n\t<meta property=\"og:image:width\" content=\"2560\" \/>\n\t<meta property=\"og:image:height\" content=\"1440\" \/>\n\t<meta property=\"og:image:type\" content=\"image\/jpeg\" \/>\n<meta name=\"twitter:card\" content=\"summary_large_image\" \/>\n<meta name=\"twitter:label1\" content=\"Gesch\u00e4tzte Lesezeit\" \/>\n\t<meta name=\"twitter:data1\" content=\"3\u00a0Minuten\" \/>\n<script type=\"application\/ld+json\" class=\"yoast-schema-graph\">{\"@context\":\"https:\\\/\\\/schema.org\",\"@graph\":[{\"@type\":\"WebPage\",\"@id\":\"https:\\\/\\\/hotelbenacus.com\\\/de\\\/informationen-und-dienstleistungen\\\/\",\"url\":\"https:\\\/\\\/hotelbenacus.com\\\/de\\\/informationen-und-dienstleistungen\\\/\",\"name\":\"Informationen und Dienstleistungen - Hotel Benacus Panoramic\",\"isPartOf\":{\"@id\":\"https:\\\/\\\/hotelbenacus.com\\\/#website\"},\"primaryImageOfPage\":{\"@id\":\"https:\\\/\\\/hotelbenacus.com\\\/de\\\/informationen-und-dienstleistungen\\\/#primaryimage\"},\"image\":{\"@id\":\"https:\\\/\\\/hotelbenacus.com\\\/de\\\/informationen-und-dienstleistungen\\\/#primaryimage\"},\"thumbnailUrl\":\"https:\\\/\\\/hotelbenacus.com\\\/wp-content\\\/uploads\\\/2025\\\/12\\\/esternooo-scaled.jpg\",\"datePublished\":\"2024-11-12T14:07:01+00:00\",\"dateModified\":\"2025-10-16T08:42:20+00:00\",\"breadcrumb\":{\"@id\":\"https:\\\/\\\/hotelbenacus.com\\\/de\\\/informationen-und-dienstleistungen\\\/#breadcrumb\"},\"inLanguage\":\"de\",\"potentialAction\":[{\"@type\":\"ReadAction\",\"target\":[\"https:\\\/\\\/hotelbenacus.com\\\/de\\\/informationen-und-dienstleistungen\\\/\"]}]},{\"@type\":\"ImageObject\",\"inLanguage\":\"de\",\"@id\":\"https:\\\/\\\/hotelbenacus.com\\\/de\\\/informationen-und-dienstleistungen\\\/#primaryimage\",\"url\":\"https:\\\/\\\/hotelbenacus.com\\\/wp-content\\\/uploads\\\/2025\\\/12\\\/esternooo-scaled.jpg\",\"contentUrl\":\"https:\\\/\\\/hotelbenacus.com\\\/wp-content\\\/uploads\\\/2025\\\/12\\\/esternooo-scaled.jpg\",\"width\":2560,\"height\":1429},{\"@type\":\"BreadcrumbList\",\"@id\":\"https:\\\/\\\/hotelbenacus.com\\\/de\\\/informationen-und-dienstleistungen\\\/#breadcrumb\",\"itemListElement\":[{\"@type\":\"ListItem\",\"position\":1,\"name\":\"Home\",\"item\":\"https:\\\/\\\/hotelbenacus.com\\\/de\\\/\"},{\"@type\":\"ListItem\",\"position\":2,\"name\":\"Informationen und Dienstleistungen\"}]},{\"@type\":\"WebSite\",\"@id\":\"https:\\\/\\\/hotelbenacus.com\\\/#website\",\"url\":\"https:\\\/\\\/hotelbenacus.com\\\/\",\"name\":\"Hotel Benacus Panoramic\",\"description\":\"Hotel Benacus\",\"potentialAction\":[{\"@type\":\"SearchAction\",\"target\":{\"@type\":\"EntryPoint\",\"urlTemplate\":\"https:\\\/\\\/hotelbenacus.com\\\/?s={search_term_string}\"},\"query-input\":{\"@type\":\"PropertyValueSpecification\",\"valueRequired\":true,\"valueName\":\"search_term_string\"}}],\"inLanguage\":\"de\"}]}<\/script>\n<!-- \/ Yoast SEO plugin. -->","yoast_head_json":{"title":"Informationen und Dienstleistungen - Hotel Benacus Panoramic","robots":{"index":"index","follow":"follow","max-snippet":"max-snippet:-1","max-image-preview":"max-image-preview:large","max-video-preview":"max-video-preview:-1"},"canonical":"https:\/\/hotelbenacus.com\/de\/informationen-und-dienstleistungen\/","og_locale":"de_DE","og_type":"article","og_title":"Informationen und Dienstleistungen - Hotel Benacus Panoramic","og_url":"https:\/\/hotelbenacus.com\/de\/informationen-und-dienstleistungen\/","og_site_name":"Hotel Benacus Panoramic","article_modified_time":"2025-10-16T08:42:20+00:00","og_image":[{"width":2560,"height":1440,"url":"https:\/\/hotelbenacus.com\/wp-content\/uploads\/2025\/09\/piscina-2-scaled.jpg","type":"image\/jpeg"}],"twitter_card":"summary_large_image","twitter_misc":{"Gesch\u00e4tzte Lesezeit":"3\u00a0Minuten"},"schema":{"@context":"https:\/\/schema.org","@graph":[{"@type":"WebPage","@id":"https:\/\/hotelbenacus.com\/de\/informationen-und-dienstleistungen\/","url":"https:\/\/hotelbenacus.com\/de\/informationen-und-dienstleistungen\/","name":"Informationen und Dienstleistungen - Hotel Benacus Panoramic","isPartOf":{"@id":"https:\/\/hotelbenacus.com\/#website"},"primaryImageOfPage":{"@id":"https:\/\/hotelbenacus.com\/de\/informationen-und-dienstleistungen\/#primaryimage"},"image":{"@id":"https:\/\/hotelbenacus.com\/de\/informationen-und-dienstleistungen\/#primaryimage"},"thumbnailUrl":"https:\/\/hotelbenacus.com\/wp-content\/uploads\/2025\/12\/esternooo-scaled.jpg","datePublished":"2024-11-12T14:07:01+00:00","dateModified":"2025-10-16T08:42:20+00:00","breadcrumb":{"@id":"https:\/\/hotelbenacus.com\/de\/informationen-und-dienstleistungen\/#breadcrumb"},"inLanguage":"de","potentialAction":[{"@type":"ReadAction","target":["https:\/\/hotelbenacus.com\/de\/informationen-und-dienstleistungen\/"]}]},{"@type":"ImageObject","inLanguage":"de","@id":"https:\/\/hotelbenacus.com\/de\/informationen-und-dienstleistungen\/#primaryimage","url":"https:\/\/hotelbenacus.com\/wp-content\/uploads\/2025\/12\/esternooo-scaled.jpg","contentUrl":"https:\/\/hotelbenacus.com\/wp-content\/uploads\/2025\/12\/esternooo-scaled.jpg","width":2560,"height":1429},{"@type":"BreadcrumbList","@id":"https:\/\/hotelbenacus.com\/de\/informationen-und-dienstleistungen\/#breadcrumb","itemListElement":[{"@type":"ListItem","position":1,"name":"Home","item":"https:\/\/hotelbenacus.com\/de\/"},{"@type":"ListItem","position":2,"name":"Informationen und Dienstleistungen"}]},{"@type":"WebSite","@id":"https:\/\/hotelbenacus.com\/#website","url":"https:\/\/hotelbenacus.com\/","name":"Hotel Benacus Panoramic","description":"Hotel Benacus","potentialAction":[{"@type":"SearchAction","target":{"@type":"EntryPoint","urlTemplate":"https:\/\/hotelbenacus.com\/?s={search_term_string}"},"query-input":{"@type":"PropertyValueSpecification","valueRequired":true,"valueName":"search_term_string"}}],"inLanguage":"de"}]}},"_links":{"self":[{"href":"https:\/\/hotelbenacus.com\/de\/wp-json\/wp\/v2\/pages\/1270","targetHints":{"allow":["GET"]}}],"collection":[{"href":"https:\/\/hotelbenacus.com\/de\/wp-json\/wp\/v2\/pages"}],"about":[{"href":"https:\/\/hotelbenacus.com\/de\/wp-json\/wp\/v2\/types\/page"}],"author":[{"embeddable":true,"href":"https:\/\/hotelbenacus.com\/de\/wp-json\/wp\/v2\/users\/2"}],"replies":[{"embeddable":true,"href":"https:\/\/hotelbenacus.com\/de\/wp-json\/wp\/v2\/comments?post=1270"}],"version-history":[{"count":14,"href":"https:\/\/hotelbenacus.com\/de\/wp-json\/wp\/v2\/pages\/1270\/revisions"}],"predecessor-version":[{"id":4844,"href":"https:\/\/hotelbenacus.com\/de\/wp-json\/wp\/v2\/pages\/1270\/revisions\/4844"}],"wp:featuredmedia":[{"embeddable":true,"href":"https:\/\/hotelbenacus.com\/de\/wp-json\/wp\/v2\/media\/5109"}],"wp:attachment":[{"href":"https:\/\/hotelbenacus.com\/de\/wp-json\/wp\/v2\/media?parent=1270"}],"curies":[{"name":"wp","href":"https:\/\/api.w.org\/{rel}","templated":true}]}}